{"id":83,"date":"2017-01-07T18:22:26","date_gmt":"2017-01-07T17:22:26","guid":{"rendered":"http:\/\/wp10595536.server-he.de\/dbw\/?page_id=83"},"modified":"2023-09-19T15:55:02","modified_gmt":"2023-09-19T13:55:02","slug":"uebungsbetrieb","status":"publish","type":"page","link":"http:\/\/wp10595536.server-he.de\/dbw\/ghsv-pente-e-v\/uebungsbetrieb\/","title":{"rendered":"\u00dcbungsbetrieb"},"content":{"rendered":"<h1><span style=\"font-size: 12pt;\">\n<table id=\"tablepress-1\" class=\"tablepress tablepress-id-1 tbody-has-connected-cells\">\n<tbody class=\"row-hover\">\n<tr class=\"row-1\">\n\t<td class=\"column-1\"><\/td><td class=\"column-2\"><\/td><td class=\"column-3\"><\/td>\n<\/tr>\n<tr class=\"row-2\">\n\t<td rowspan=\"2\" class=\"column-1\"><a href=\"http:\/\/wp10595536.server-he.de\/dbw\/beispiel-seite\/welpenschule\/\">Welpenschule<\/a> <br>(bis 6 Monate)<\/td><td class=\"column-2\">Dienstags<\/td><td class=\"column-3\">nach Vereinbarung<\/td>\n<\/tr>\n<tr class=\"row-3\">\n\t<td class=\"column-2\">Samstags<\/td><td class=\"column-3\">nach Vereinbarung<\/td>\n<\/tr>\n<tr class=\"row-4\">\n\t<td rowspan=\"2\" class=\"column-1\"><a href=\"http:\/\/wp10595536.server-he.de\/dbw\/beispiel-seite\/uebungsbetrieb\/gruppentraining\/\">Gruppen\u00fcbungen<\/a><br>(ab 6 Monaten)<\/td><td class=\"column-2\">Dienstags<\/td><td class=\"column-3\">nach Vereinbarung<\/td>\n<\/tr>\n<tr class=\"row-5\">\n\t<td class=\"column-2\">Samstags<\/td><td class=\"column-3\">nach Vereinbarung<\/td>\n<\/tr>\n<tr class=\"row-6\">\n\t<td rowspan=\"2\" class=\"column-1\"><a href=\"http:\/\/wp10595536.server-he.de\/dbw\/beispiel-seite\/uebungsbetrieb\/grundausbildung\/\">Unterordnung<\/a> im Einzeltraining<\/td><td class=\"column-2\">Dienstags <\/td><td class=\"column-3\">18:00-21:00<\/td>\n<\/tr>\n<tr class=\"row-7\">\n\t<td class=\"column-2\">Samstags<\/td><td class=\"column-3\">15:00-19:00<\/td>\n<\/tr>\n<tr class=\"row-8\">\n\t<td rowspan=\"2\" class=\"column-1\"><a href=\"http:\/\/wp10595536.server-he.de\/dbw\/beispiel-seite\/uebungsbetrieb\/agility\/\">Agility<\/a><\/td><td class=\"column-2\">Dienstags<\/td><td class=\"column-3\">entf\u00e4llt vorl\u00e4ufig<\/td>\n<\/tr>\n<tr class=\"row-9\">\n\t<td class=\"column-2\">Samstags<\/td><td class=\"column-3\"><\/td>\n<\/tr>\n<tr class=\"row-10\">\n\t<td class=\"column-1\"><a href=\"http:\/\/wp10595536.server-he.de\/dbw\/beispiel-seite\/uebungsbetrieb\/obedience\/\">Obedience<\/a><\/td><td class=\"column-2\">Dienstags<\/td><td class=\"column-3\">entf\u00e4llt vorl\u00e4ufig<\/td>\n<\/tr>\n<tr class=\"row-11\">\n\t<td rowspan=\"2\" class=\"column-1\"><a href=\"http:\/\/wp10595536.server-he.de\/dbw\/beispiel-seite\/uebungsbetrieb\/vielseitigkeit-vpg-ipo\/\">VPG-IPO<\/a><\/td><td class=\"column-2\">Dienstags<\/td><td class=\"column-3\">18:00-21:00<\/td>\n<\/tr>\n<tr class=\"row-12\">\n\t<td class=\"column-2\">Samstags<\/td><td class=\"column-3\">15:00-19:00<\/td>\n<\/tr>\n<tr class=\"row-13\">\n\t<td class=\"column-1\"><a href=\"http:\/\/wp10595536.server-he.de\/dbw\/beispiel-seite\/uebungsbetrieb\/faehrtenhundeausbildung\/\">F\u00e4hrtenhundausbildung<\/a><\/td><td colspan=\"2\" class=\"column-2\">Nach telefonischer vereinbarung <\/td>\n<\/tr>\n<\/tbody>\n<\/table>\n<!-- #tablepress-1 from cache --><\/span><\/h1>\n<hr>\n<h4>\u00dcbungsgel\u00e4nde<\/h4>\n<p>Wir nutzen Teile des Vereinsgel\u00e4ndes des<\/p>\n<p>HSC Bramsche e.V.; Im Rehhagen 7; 49565 Bramsche.<\/p>\n<p>Die \u00dcbungszeiten sind zu beachten.<\/p>\n<p>&nbsp;<\/p>\n","protected":false},"excerpt":{"rendered":"<p>\u00dcbungsgel\u00e4nde Wir nutzen Teile des Vereinsgel\u00e4ndes des HSC Bramsche e.V.; Im Rehhagen 7; 49565 Bramsche. Die \u00dcbungszeiten sind zu beachten. &nbsp;<\/p>\n","protected":false},"author":1,"featured_media":0,"parent":2,"menu_order":2,"comment_status":"closed","ping_status":"closed","template":"","meta":{"ngg_post_thumbnail":0,"footnotes":""},"class_list":["post-83","page","type-page","status-publish","hentry"],"_links":{"self":[{"href":"http:\/\/wp10595536.server-he.de\/dbw\/wp-json\/wp\/v2\/pages\/83","targetHints":{"allow":["GET"]}}],"collection":[{"href":"http:\/\/wp10595536.server-he.de\/dbw\/wp-json\/wp\/v2\/pages"}],"about":[{"href":"http:\/\/wp10595536.server-he.de\/dbw\/wp-json\/wp\/v2\/types\/page"}],"author":[{"embeddable":true,"href":"http:\/\/wp10595536.server-he.de\/dbw\/wp-json\/wp\/v2\/users\/1"}],"replies":[{"embeddable":true,"href":"http:\/\/wp10595536.server-he.de\/dbw\/wp-json\/wp\/v2\/comments?post=83"}],"version-history":[{"count":55,"href":"http:\/\/wp10595536.server-he.de\/dbw\/wp-json\/wp\/v2\/pages\/83\/revisions"}],"predecessor-version":[{"id":1199,"href":"http:\/\/wp10595536.server-he.de\/dbw\/wp-json\/wp\/v2\/pages\/83\/revisions\/1199"}],"up":[{"embeddable":true,"href":"http:\/\/wp10595536.server-he.de\/dbw\/wp-json\/wp\/v2\/pages\/2"}],"wp:attachment":[{"href":"http:\/\/wp10595536.server-he.de\/dbw\/wp-json\/wp\/v2\/media?parent=83"}],"curies":[{"name":"wp","href":"https:\/\/api.w.org\/{rel}","templated":true}]}}