{"id":69,"date":"2017-01-04T11:13:01","date_gmt":"2017-01-04T10:13:01","guid":{"rendered":"http:\/\/wp10595536.server-he.de\/dbw\/?page_id=69"},"modified":"2023-11-04T10:01:35","modified_gmt":"2023-11-04T09:01:35","slug":"impressum","status":"publish","type":"page","link":"http:\/\/wp10595536.server-he.de\/dbw\/ghsv-pente-e-v\/impressum\/","title":{"rendered":"Impressum"},"content":{"rendered":"<h4>Anbieterkennung<\/h4>\n<p>Gebrauchshundesportverein Pente e.V.<br \/>\nAmtsgericht Osnabr\u00fcck VR 140314<\/p>\n<p>Wir sind wegen der F\u00f6rderung des Hundesports nach dem letzten uns zugegangenen Freistellungsbescheid des Finanzamtes als gemeinn\u00fctzigen Zwecken dienend anerkannt und nach \u00a7 5 Abs. 1 Nr. 9 des K\u00f6rperschaftsteuergesetzes von der K\u00f6rperschaftsteuer befreit.<\/p>\n<p>Finanzamt Osnabr\u00fcck, Steuernummer 67\/270\/16046 v. 15.10.2019<\/p>\n<p>Gesch\u00e4ftsstelle:<br \/>\nM\u00f6rikestr. 8<br \/>\n49565 Bramsche<\/p>\n<p>info@ghsv-pente.de<\/p>\n<p>Bankverbindung: IBAN DE 59 2655 0105 0005 4140 57<\/p>\n<p>1. Vorsitzender: J\u00f6rg Klung<\/p>\n<p>2. Vorsitzender: Dominik Kaunas<\/p>\n<p>Gesch\u00e4ftsf\u00fchrerin: Sabine Syrig-Overbeck<\/p>\n<p>Verantwortlich f\u00fcr redaktionelle Beitr\u00e4ge gem\u00e4\u00df \u00a7 55 RStV: J\u00f6rg Klung<\/p>\n<hr>\n<h5>Angaben gem\u00e4\u00df \u00a7 5 TMG:<\/h5>\n<h4>Urheberrecht &amp; Haftungsausschluss<\/h4>\n<p>Alle Rechte vorbehalten. Die dargestellten Informationen sind Eigentum des GHSV PENTE E.V. Sie stellen die zum Zeitpunkt der Publikation jeweils neusten Informationen dar. Eine Haftung oder Garantie f\u00fcr die Aktualit\u00e4t, Richtigkeit und Vollst\u00e4ndigkeit der zur Verf\u00fcgung gestellten Informationen und Daten ist ausgeschlossen. Dies gilt ebenso f\u00fcr alle anderen Webseiten, auf die mittels eines sogenannten Hyperlinks verwiesen wird. F\u00fcr den Inhalt solcher Webseiten ist der GHSV PENTE E.V. ebenfalls nicht verantwortlich. Die Informationen auf den Webseiten stellen in keinem Fall rechtliche Zusicherungen dar.<\/p>\n<p>Der GHSV PENTE E.V. beh\u00e4lt sich das Recht vor, bei Bedarf \u00c4nderungen oder Erg\u00e4nzungen der bereitgestellten Informationen oder Daten durchzuf\u00fchren. Aus den hier beschriebenen Themenbereichen k\u00f6nnen keine Rechtsanspr\u00fcche abgeleitet werden. Angebote sind in allen Teilen ausschlie\u00dflich unverbindlich. Der GHSV PENTE E.V. haftet weder f\u00fcr direkte noch indirekte Sch\u00e4den, die durch die Nutzung der Informationen oder Daten entstehen, die auf dieser Webseite zu finden sind. Rechte und Pflichten zwischen dem GHSV PENTE E.V. und dem einzelnen Nutzer der Webseite oder Dritten bestehen nicht. Die Inhalte der Webseiten auf GHSV-PENTE.de sind urheberrechtlich gesch\u00fctzt. Die Inhalte d\u00fcrfen weder ganz noch teilweise ohne vorherige schriftliche Genehmigung des Urhebers vervielf\u00e4ltigt und oder ver\u00f6ffentlicht oder in einem Informationssystem gespeichert werden. S\u00e4mtliche Informationen oder Daten, ihre Nutzung, sowie s\u00e4mtliches mit der Website des GHSV PENTE E.V. zusammenh\u00e4ngendes Tun, Dulden oder Unterlassen unterliegen ausschlie\u00dflich deutschem Recht, unter Ausschluss von internationalem Recht. Erf\u00fcllungsort und ausschlie\u00dflicher Gerichtsstand ist Osnabr\u00fcck.<\/p>\n<table style=\"height: 5px;\" width=\"730\">\n<thead>\n<tr>\n<td width=\"220\">&nbsp;<\/td>\n<td width=\"220\">&nbsp;<\/td>\n<td width=\"202\">&nbsp;<\/td>\n<\/tr>\n<\/thead>\n<\/table>\n","protected":false},"excerpt":{"rendered":"<p>Anbieterkennung Gebrauchshundesportverein Pente e.V. Amtsgericht Osnabr\u00fcck VR 140314 Wir sind wegen der F\u00f6rderung des Hundesports nach dem letzten uns zugegangenen Freistellungsbescheid des Finanzamtes als gemeinn\u00fctzigen Zwecken dienend anerkannt und nach &hellip; <a href=\"http:\/\/wp10595536.server-he.de\/dbw\/ghsv-pente-e-v\/impressum\/\" class=\"more-link\">Continue reading<span class=\"screen-reader-text\"> &#8222;Impressum&#8220;<\/span><\/a><\/p>\n","protected":false},"author":1,"featured_media":0,"parent":2,"menu_order":99,"comment_status":"closed","ping_status":"closed","template":"","meta":{"ngg_post_thumbnail":0,"footnotes":""},"class_list":["post-69","page","type-page","status-publish","hentry"],"_links":{"self":[{"href":"http:\/\/wp10595536.server-he.de\/dbw\/wp-json\/wp\/v2\/pages\/69","targetHints":{"allow":["GET"]}}],"collection":[{"href":"http:\/\/wp10595536.server-he.de\/dbw\/wp-json\/wp\/v2\/pages"}],"about":[{"href":"http:\/\/wp10595536.server-he.de\/dbw\/wp-json\/wp\/v2\/types\/page"}],"author":[{"embeddable":true,"href":"http:\/\/wp10595536.server-he.de\/dbw\/wp-json\/wp\/v2\/users\/1"}],"replies":[{"embeddable":true,"href":"http:\/\/wp10595536.server-he.de\/dbw\/wp-json\/wp\/v2\/comments?post=69"}],"version-history":[{"count":15,"href":"http:\/\/wp10595536.server-he.de\/dbw\/wp-json\/wp\/v2\/pages\/69\/revisions"}],"predecessor-version":[{"id":1194,"href":"http:\/\/wp10595536.server-he.de\/dbw\/wp-json\/wp\/v2\/pages\/69\/revisions\/1194"}],"up":[{"embeddable":true,"href":"http:\/\/wp10595536.server-he.de\/dbw\/wp-json\/wp\/v2\/pages\/2"}],"wp:attachment":[{"href":"http:\/\/wp10595536.server-he.de\/dbw\/wp-json\/wp\/v2\/media?parent=69"}],"curies":[{"name":"wp","href":"https:\/\/api.w.org\/{rel}","templated":true}]}}