{"id":2,"date":"2017-01-03T17:56:42","date_gmt":"2017-01-03T16:56:42","guid":{"rendered":"http:\/\/wp10595536.server-he.de\/dbw\/?page_id=2"},"modified":"2023-12-18T17:25:38","modified_gmt":"2023-12-18T16:25:38","slug":"ghsv-pente-e-v","status":"publish","type":"page","link":"http:\/\/wp10595536.server-he.de\/dbw\/","title":{"rendered":"GHSV Pente e.V."},"content":{"rendered":"<hr>\n<p><span style=\"font-size: 18pt;\">Aktuelles<\/span><\/p>\n<p><strong>Mantrailing&nbsp;<\/strong><\/p>\n<p>Hier eine kleine Info f\u00fcr euch Sabine Syrig-Overbeck bietet nun aktuell \u00fcber den Verein das Mantrailen an. Dieses erfolgt 1-2 mal die Woche in kleinen Gruppen und dort ist jeder herzlich willkommen der dieses mal ausprobieren m\u00f6chte. F\u00fcr weitere Infos bez\u00fcglich Termine: Wo findet es statt Wann findet es immer statt Was wird ben\u00f6tigt. Steht sie euch gerne telefonisch unter der Nummer:015783539629 zur Verf\u00fcgung.<\/p>\n<p>Gr\u00fc\u00dfe der Vorstand&nbsp;<\/p>\n<table id=\"tablepress-2\" class=\"tablepress tablepress-id-2\">\n<tbody class=\"row-hover\">\n<tr class=\"row-7 odd\">\n<td class=\"column-1\">&nbsp;<\/td>\n<\/tr>\n<\/tbody>\n<\/table>\n<table id=\"tablepress-2\" class=\"tablepress tablepress-id-2\">\n<tbody class=\"row-hover\">\n<tr class=\"row-7 odd\">\n<td class=\"column-1\">&nbsp;<\/td>\n<\/tr>\n<\/tbody>\n<\/table>\n<table id=\"tablepress-2\" class=\"tablepress tablepress-id-2\">\n<tbody class=\"row-hover\">\n<tr class=\"row-7 odd\">\n<td class=\"column-1\">&nbsp;<\/td>\n<\/tr>\n<\/tbody>\n<\/table>\n<p>&nbsp;<\/p>\n<table id=\"tablepress-2\" class=\"tablepress tablepress-id-2\">\n<tbody class=\"row-hover\">\n<tr class=\"row-7 odd\">\n<td class=\"column-1\">&nbsp;<\/td>\n<\/tr>\n<\/tbody>\n<\/table>\n<p>Am 02.12.23 haben 2 unserer Mitglieder bei der sv og wallenhorst an einer Pr\u00fcfung teilgenommen.<\/p>\n<p>Sabine A. hat erfolgreich ihre Ibgh1 bestanden.<\/p>\n<p>Dominik f\u00fchrte an dem Tag beide seiner Hunde vor.Dory vom Grenzlager bestand ihre Bh\/Vt und mit Emma bestand er die Fpr1&nbsp;<\/p>\n<p>Gl\u00fcckwunsch euch beiden<\/p>\n<p>&nbsp;<\/p>\n<hr>\n<p><strong>Neuer Vorstand gew\u00e4hlt<\/strong><\/p>\n<p>Auf der Mitgliederversammlung vom 23.9.2023 haben die Mitglieder einen neuen Vorstand gew\u00e4hlt:<\/p>\n<p>1. Vorsitzender: J\u00f6rg Klung<\/p>\n<p>2. Vorsitzender: Dominik Kaunas<\/p>\n<p>Gesch\u00e4ftsf\u00fchrerin: Sabine Syrig-Overbeck<\/p>\n<p>Damit verabschiede ich mich als Gesch\u00e4ftsf\u00fchrer des GHSV Pente und Betreuer dieser Webseite und bedanke mich f\u00fcr die freundschaftliche Zusammenarbeit mit dem Vorstand und den Mitgliedern. Es hat viel Freude gemacht, aber nach \u00fcber zehn Jahren ist es auch einmal gut. Ich habe viel vom Verein und insbesondere von den Trainern f\u00fcr den Umgang mit Hunden mitbekommen und w\u00fcnsche dem Verein eine gl\u00fcckliche Zukunft.<\/p>\n<p>Wolfgang Stange<\/p>\n<hr>\n<p>&nbsp;<\/p>\n<p>&nbsp;<\/p>\n<p>&nbsp;<\/p>\n<p>&nbsp;<\/p>\n<p><strong>Das war es doch nicht<br><\/strong><\/p>\n<p>Unser Vorsitzender J\u00f6rg hat mit dem HSC eine Vereinbarung getroffen, dass wir ab dem 2. August an zwei Tagen in der Woche, dienstags und samstags, auf einem zugeteilten Bereich der \u00dcbungsanlage in Hesepe selbst\u00e4ndig \u00fcben k\u00f6nnen.<\/p>\n<p>Die \u00dcbungszeiten entsprechen im Gro\u00dfen und Ganzen unseren bisherigen \u00dcbungszeiten, m\u00fcssen aber noch feinabgestimmt werden. Hierzu k\u00f6nnen wir hoffentlich bald Genaueres mitteilen.<\/p>\n<p>Der Vorstand<\/p>\n<p>&nbsp;<\/p>\n<hr><hr>\n<p><strong>Das war es (vorl\u00e4ufig)<br><\/strong><\/p>\n<p>Der \u00dcbungsplatz ist abger\u00e4umt, aber wir machen weiter.<\/p>\n<p>Wir danken allen Mitgliedern und Unterst\u00fctzern f\u00fcr die vergangenen Jahre und hoffen, dass es bald irgendwie mit dem geregelten \u00dcbungsbetrieb weitergeht.<\/p>\n<p>Schaut regelm\u00e4\u00dfig auf die Homepage, vielleicht stehen dort auch einmal gute Nachrichten.<\/p>\n<p>F\u00fcr die Mitglieder wird demn\u00e4chst ein geschlossener Bereich eingerichtet, der nur mit Passwort erreichbar ist.<\/p>\n<p>Alles Gute<\/p>\n<p>Der Vorstand<\/p>\n<p>&nbsp;<\/p>\n<p>&nbsp;<\/p>\n<p><strong>Erneuter Abschied<\/strong><\/p>\n<p>Leider ist die Familie von Bock als Verp\u00e4chterin trotz intensiver Bem\u00fchungen unsererseits grunds\u00e4tzlich nicht bereit, den Pachtvertrag zu verl\u00e4ngern oder zu erneuern. Daher m\u00fcssen wir am 31. 5. 2022 nach nur vier Jahren den Platz wieder zur\u00fcckgeben.<\/p>\n<p>Die Jahreshauptversammlung vom 3. 4. 2022 hat aber einstimmig beschlossen, den Verein am Leben zu erhalten, wenn auch ohne eigenen \u00dcbungsplatz.<\/p>\n<p>Damit entf\u00e4llt ab Juni der regul\u00e4re \u00dcbungsbetrieb.<\/p>\n<p>Dank sei noch einmal allen Beteiligten gesagt, die seinerzeit mitgeholfen haben, durch Gutachten, Beratung, Genehmigungen und vor allem tatkr\u00e4ftige Unterst\u00fctzung&nbsp; den Hundeplatz \u00fcberhaupt erst m\u00f6glich zu machen.<\/p>\n<p>Wolfgang Stange<\/p>\n<p>Gesch\u00e4ftsf\u00fchrer<\/p>\n<p>&nbsp;<\/p>\n<p>&nbsp;<\/p>\n<p>&nbsp;<\/p>\n<hr>\n<p><span style=\"font-size: 18pt;\">Gl\u00fcckwunsch<\/span><\/p>\n<p>Am 17.10.2021 hat unser Mitglied Dominik Kaunas mit seinem Hund die Begleithundpr\u00fcfung bestanden.<br>Gl\u00fcckwunsch<\/p>\n<hr>\n<p><span style=\"font-size: 18pt;\">Neue Verstecke<\/span><\/p>\n<p>Am 23.10.2021 erhielten wir von Matthias K\u00e4uper von der Versicherungsagentur Signal Iduna einen Satz mobiler Verstecke f\u00fcr die Schutzhundausbildung als Spende.<\/p>\n<p>Wir bedanken uns daf\u00fcr ganz herzlich.<\/p>\n<p><img loading=\"lazy\" decoding=\"async\" id=\"TB_Image\" src=\"http:\/\/wp10595536.server-he.de\/dbw\/wp-content\/gallery\/titelseite\/Schutzhundverstecke1.jpg?i=229817431&quot;\" width=\"928\" height=\"696\"><\/p>\n<p>&nbsp;<\/p>\n<hr>\n<p><span style=\"font-size: 24pt;\">&nbsp;<\/span><\/p>\n<p><span style=\"font-size: 18pt;\">Ferienspa\u00df 2021<\/span><\/p>\n<p>Am Samstag, 7.8.21 fand die diesj\u00e4hrige Aktion f\u00fcr den Ferienspa\u00df der Stadt Bramsche auf unserem Vereinsgel\u00e4nde statt.<\/p>\n<p>Die Kinder konnten an Einzel- und Gruppen\u00fcbungen mit den Hunden aktiv teilnehmen, verfolgten den Mantrailer auf der Spur einer &#8218;vermissten&#8216; Person, staunten dar\u00fcber, wie beim &#8218;H\u00fctchenspiel&#8216; immer das richtige versteckte Objekt gefunden wurde und es gab nat\u00fcrlich ganz viele Streicheleinheiten von und f\u00fcr die Hunde und Kinder.<\/p>\n<p>Es war sch\u00f6n zu sehen, wie bei einigen Kindern die anf\u00e4ngliche Skepsis gegen\u00fcber diesen gro\u00dfen Hunden in respektvolles Vertrauen \u00fcberging.<\/p>\n<p>Ein ganz gro\u00dfes Lob an die Kinder, die sich ausnahmslos vorbildlich verhalten haben.<\/p>\n<p>Das Wetter spielte einigerma\u00dfen mit, aber zum Schluss waren die Hunde sicherlich froh, wieder in ihre ruhige Hundebox springen zu d\u00fcrfen.<\/p>\n<p>Das hat wirklich Spa\u00df gemacht und wir hoffen, dass wir das im n\u00e4chsten Jahr auf diesem Platz wiederholen d\u00fcrfen.<\/p>\n<p>Bleibt gesund.<\/p>\n<p>Wolfgang Stange<\/p>\n<p>Der Vorstand<\/p>\n<p><img loading=\"lazy\" decoding=\"async\" id=\"TB_Image\" src=\"http:\/\/wp10595536.server-he.de\/dbw\/wp-content\/gallery\/aufbau\/IMG_20191210_1420157.jpg?i=229817431\" alt=\"IMG_20191210_1420157.jpg\" width=\"928\" height=\"696\"><\/p>\n<p>&nbsp;<\/p>\n<div>\n<p>&nbsp;<\/p>\n<\/div>\n<p><strong><a href=\"http:\/\/wp10595536.server-he.de\/dbw\/ghsv-pente-ev\/uebungsbetrieb\/\">\u00dcbungszeiten<\/a><\/strong><\/p>\n<div style=\"display: none;\"><strong>6. April:<\/strong>&nbsp;&nbsp;&nbsp;&nbsp;&nbsp;&nbsp;&nbsp;&nbsp;&nbsp;&nbsp;&nbsp;&nbsp;&nbsp;&nbsp;&nbsp;&nbsp;&nbsp;&nbsp;&nbsp;&nbsp;&nbsp;&nbsp;&nbsp;&nbsp;&nbsp;&nbsp;&nbsp;&nbsp;&nbsp;&nbsp;&nbsp;&nbsp;&nbsp;&nbsp;&nbsp;&nbsp;&nbsp;&nbsp;&nbsp;&nbsp;&nbsp;&nbsp;&nbsp;&nbsp;&nbsp;&nbsp;\n<p>&nbsp;<\/p>\n<p>&nbsp;<\/p>\n<p>&nbsp;<\/p>\n<p>&nbsp;<\/p>\n<p>&nbsp;<\/p>\n<p>&nbsp;<\/p>\n<p>&nbsp;<\/p>\n<p>&nbsp;<\/p>\n<p>&nbsp;<\/p>\n<p>&nbsp;<\/p>\n<p>&nbsp;<\/p>\n<p>&nbsp;<\/p>\n<p>&nbsp;<\/p>\n<p>&nbsp;<\/p>\n<p>&nbsp;<\/p>\n<p>&nbsp;<\/p>\n<p>15.00 Uhr Welpenstunde<\/p>\n<p>16.00 Uhr Mitgliederversammlung bis ca.<\/p>\n<p>16.20 Uhr, anschl. Gruppen\u00fcbungen, ab ca.<\/p>\n<p>16.50 Uhr Einzel\u00fcbungen<\/p>\n<p>Adresse des neuen Platzes: Kiewenweg 39a, 49565 Bramsche-S\u00f6geln<\/p>\n<p><span style=\"font-size: 18pt;\"><strong>Arbeitseins\u00e4tze M\u00e4rz 2019<br><\/strong><\/span><\/p>\n<div style=\"display: none;\">beschlossen:<\/div>\n<p><em><span style=\"font-size: 10pt;\">Samstag, 2. M\u00e4rz, 10.00 Uhr<\/span><\/em><br><em><span style=\"font-size: 10pt;\">Samstag, 9. M\u00e4rz, 10.00 Uhr<\/span><\/em><br><em><span style=\"font-size: 10pt;\">Dienstag, 12. M\u00e4rz, 17.00 Uhr<\/span><\/em><br><em><span style=\"font-size: 10pt;\">Samstag, 16. M\u00e4rz, 15.00 Uhr<\/span><\/em><br><strong>Dienstag, 19. M\u00e4rz, 17.00 Uhr<br><\/strong><\/p>\n<hr>\n<h1>Welpenzeit<\/h1>\n<p>Welpen wollen spielen. Sie m\u00fcssen spielerisch lernen. Und manchmal gilt das auch f\u00fcr unsichere Frauchen und Herrchen.<br>Wir laden alle Welpenhalter ein zu unseren Welpenstunden.<br>Alle Hunderassen sind willkommen, und selbstverst\u00e4ndlich muss man sich auch nicht gleich festlegen. Schaut einfach mal dienstags (18 Uhr) oder samstags (15 Uhr) auf unserem \u00dcbungsplatz vorbei.<\/p>\n<p>Ansprechpartnerin: <em>Manuela Manemann<\/em>, <em>welpengruppe@ghsv-pente.de<\/em>, <em>05461 882511&nbsp;<\/em><\/p>\n<hr>\n<p>Hunderassen u. -gr\u00f6\u00dfe spielen bei uns keine Rolle &#8211; jeder Hundefreund ist mit seinem Vierbeiner willkommen.<br>Das \u00dcbungsgel\u00e4nde befindet sich (noch) in Bramsche im Ortsteil Pente, <a href=\"http:\/\/wp10595536.server-he.de\/dbw\/uebungsbetrieb\/\">Am Mittellandkanal 18.<\/a><\/p>\n<div style=\"display: none;\">\n<p>&nbsp;<\/p>\n<\/div>\n<\/div>\n\n\n<p><\/p>\n","protected":false},"excerpt":{"rendered":"<p>Aktuelles Mantrailing&nbsp; Hier eine kleine Info f\u00fcr euch Sabine Syrig-Overbeck bietet nun aktuell \u00fcber den Verein das Mantrailen an. Dieses erfolgt 1-2 mal die Woche in kleinen Gruppen und dort &hellip; <a href=\"http:\/\/wp10595536.server-he.de\/dbw\/\" class=\"more-link\">Continue reading<span class=\"screen-reader-text\"> &#8222;GHSV Pente e.V.&#8220;<\/span><\/a><\/p>\n","protected":false},"author":2,"featured_media":0,"parent":0,"menu_order":0,"comment_status":"closed","ping_status":"closed","template":"","meta":{"ngg_post_thumbnail":0,"footnotes":""},"class_list":["post-2","page","type-page","status-publish","hentry"],"_links":{"self":[{"href":"http:\/\/wp10595536.server-he.de\/dbw\/wp-json\/wp\/v2\/pages\/2","targetHints":{"allow":["GET"]}}],"collection":[{"href":"http:\/\/wp10595536.server-he.de\/dbw\/wp-json\/wp\/v2\/pages"}],"about":[{"href":"http:\/\/wp10595536.server-he.de\/dbw\/wp-json\/wp\/v2\/types\/page"}],"author":[{"embeddable":true,"href":"http:\/\/wp10595536.server-he.de\/dbw\/wp-json\/wp\/v2\/users\/2"}],"replies":[{"embeddable":true,"href":"http:\/\/wp10595536.server-he.de\/dbw\/wp-json\/wp\/v2\/comments?post=2"}],"version-history":[{"count":143,"href":"http:\/\/wp10595536.server-he.de\/dbw\/wp-json\/wp\/v2\/pages\/2\/revisions"}],"predecessor-version":[{"id":1221,"href":"http:\/\/wp10595536.server-he.de\/dbw\/wp-json\/wp\/v2\/pages\/2\/revisions\/1221"}],"wp:attachment":[{"href":"http:\/\/wp10595536.server-he.de\/dbw\/wp-json\/wp\/v2\/media?parent=2"}],"curies":[{"name":"wp","href":"https:\/\/api.w.org\/{rel}","templated":true}]}}